{"id":8,"date":"2018-11-04T22:25:16","date_gmt":"2018-11-04T21:25:16","guid":{"rendered":"http:\/\/lajoyeusefabrique.fr\/?page_id=8"},"modified":"2019-09-25T14:21:27","modified_gmt":"2019-09-25T12:21:27","slug":"accueil-2","status":"publish","type":"page","link":"https:\/\/lajoyeusefabrique.fr\/","title":{"rendered":"Accueil"},"content":{"rendered":"\t\t<div data-elementor-type=\"wp-post\" data-elementor-id=\"8\" class=\"elementor elementor-8\" data-elementor-settings=\"[]\">\n\t\t\t<div class=\"elementor-inner\">\n\t\t\t\t<div class=\"elementor-section-wrap\">\n\t\t\t\t\t\t\t<section class=\"elementor-element elementor-element-4734268 elementor-section-boxed elementor-section-height-default elementor-section-height-default elementor-section elementor-top-section\" data-id=\"4734268\" data-element_type=\"section\">\n\t\t\t\t\t\t<div class=\"elementor-container elementor-column-gap-default\">\n\t\t\t\t<div class=\"elementor-row\">\n\t\t\t\t<div class=\"elementor-element elementor-element-bfe6715 elementor-column elementor-col-100 elementor-top-column\" data-id=\"bfe6715\" data-element_type=\"column\">\n\t\t\t<div class=\"elementor-column-wrap  elementor-element-populated\">\n\t\t\t\t\t<div class=\"elementor-widget-wrap\">\n\t\t\t\t<div class=\"elementor-element elementor-element-beb9028 elementor-widget elementor-widget-image\" data-id=\"beb9028\" data-element_type=\"widget\" data-widget_type=\"image.default\">\n\t\t\t\t<div class=\"elementor-widget-container\">\n\t\t\t\t\t<div class=\"elementor-image\">\n\t\t\t\t\t\t\t\t\t\t<img width=\"980\" height=\"252\" src=\"https:\/\/i2.wp.com\/lajoyeusefabrique.fr\/wp-content\/uploads\/2019\/04\/ATELIERS-DIY.jpg?fit=980%2C252&amp;ssl=1\" class=\"attachment-large size-large\" alt=\"\" loading=\"lazy\" srcset=\"https:\/\/i2.wp.com\/lajoyeusefabrique.fr\/wp-content\/uploads\/2019\/04\/ATELIERS-DIY.jpg?w=1200&amp;ssl=1 1200w, https:\/\/i2.wp.com\/lajoyeusefabrique.fr\/wp-content\/uploads\/2019\/04\/ATELIERS-DIY.jpg?resize=300%2C77&amp;ssl=1 300w, https:\/\/i2.wp.com\/lajoyeusefabrique.fr\/wp-content\/uploads\/2019\/04\/ATELIERS-DIY.jpg?resize=768%2C197&amp;ssl=1 768w, https:\/\/i2.wp.com\/lajoyeusefabrique.fr\/wp-content\/uploads\/2019\/04\/ATELIERS-DIY.jpg?resize=1024%2C263&amp;ssl=1 1024w, https:\/\/i2.wp.com\/lajoyeusefabrique.fr\/wp-content\/uploads\/2019\/04\/ATELIERS-DIY.jpg?resize=416%2C107&amp;ssl=1 416w\" sizes=\"(max-width: 980px) 100vw, 980px\" data-attachment-id=\"1952\" data-permalink=\"https:\/\/lajoyeusefabrique.fr\/ateliers-diy\/\" data-orig-file=\"https:\/\/i2.wp.com\/lajoyeusefabrique.fr\/wp-content\/uploads\/2019\/04\/ATELIERS-DIY.jpg?fit=1200%2C308&amp;ssl=1\" data-orig-size=\"1200,308\" data-comments-opened=\"1\" data-image-meta=\"{&quot;aperture&quot;:&quot;0&quot;,&quot;credit&quot;:&quot;Sornat Perrine&quot;,&quot;camera&quot;:&quot;&quot;,&quot;caption&quot;:&quot;&quot;,&quot;created_timestamp&quot;:&quot;0&quot;,&quot;copyright&quot;:&quot;&quot;,&quot;focal_length&quot;:&quot;0&quot;,&quot;iso&quot;:&quot;0&quot;,&quot;shutter_speed&quot;:&quot;0&quot;,&quot;title&quot;:&quot;&quot;,&quot;orientation&quot;:&quot;1&quot;}\" data-image-title=\"ATELIERS DIY\" data-image-description=\"\" data-medium-file=\"https:\/\/i2.wp.com\/lajoyeusefabrique.fr\/wp-content\/uploads\/2019\/04\/ATELIERS-DIY.jpg?fit=300%2C77&amp;ssl=1\" data-large-file=\"https:\/\/i2.wp.com\/lajoyeusefabrique.fr\/wp-content\/uploads\/2019\/04\/ATELIERS-DIY.jpg?fit=980%2C252&amp;ssl=1\" \/>\t\t\t\t\t\t\t\t\t\t\t<\/div>\n\t\t\t\t<\/div>\n\t\t\t\t<\/div>\n\t\t\t\t\t\t<\/div>\n\t\t\t<\/div>\n\t\t<\/div>\n\t\t\t\t\t\t<\/div>\n\t\t\t<\/div>\n\t\t<\/section>\n\t\t\t\t<section class=\"elementor-element elementor-element-1f1e65a elementor-section-boxed elementor-section-height-default elementor-section-height-default elementor-section elementor-top-section\" data-id=\"1f1e65a\" data-element_type=\"section\">\n\t\t\t\t\t\t<div class=\"elementor-container elementor-column-gap-default\">\n\t\t\t\t<div class=\"elementor-row\">\n\t\t\t\t<div class=\"elementor-element elementor-element-99f7eda elementor-column elementor-col-33 elementor-top-column\" data-id=\"99f7eda\" data-element_type=\"column\">\n\t\t\t<div class=\"elementor-column-wrap\">\n\t\t\t\t\t<div class=\"elementor-widget-wrap\">\n\t\t\t\t\t\t<\/div>\n\t\t\t<\/div>\n\t\t<\/div>\n\t\t\t\t<div class=\"elementor-element elementor-element-6b52ce2 elementor-column elementor-col-33 elementor-top-column\" data-id=\"6b52ce2\" data-element_type=\"column\">\n\t\t\t<div class=\"elementor-column-wrap  elementor-element-populated\">\n\t\t\t\t\t<div class=\"elementor-widget-wrap\">\n\t\t\t\t<div class=\"elementor-element elementor-element-22ac133 elementor-widget elementor-widget-text-editor\" data-id=\"22ac133\" data-element_type=\"widget\" data-widget_type=\"text-editor.default\">\n\t\t\t\t<div class=\"elementor-widget-container\">\n\t\t\t\t\t<div class=\"elementor-text-editor elementor-clearfix\"><p><br><\/p><p>Je vous ouvre les portes de mon jardin et de mon atelier pour vous faire passer un moment suspendu, hors du temps, en vous accompagnant dans la cr\u00e9ation d&rsquo;une pi\u00e8ce unique qui ne ressemble qu&rsquo;\u00e0 vous.<\/p><\/div>\n\t\t\t\t<\/div>\n\t\t\t\t<\/div>\n\t\t\t\t\t\t<\/div>\n\t\t\t<\/div>\n\t\t<\/div>\n\t\t\t\t<div class=\"elementor-element elementor-element-a3e42ca elementor-column elementor-col-33 elementor-top-column\" data-id=\"a3e42ca\" data-element_type=\"column\">\n\t\t\t<div class=\"elementor-column-wrap\">\n\t\t\t\t\t<div class=\"elementor-widget-wrap\">\n\t\t\t\t\t\t<\/div>\n\t\t\t<\/div>\n\t\t<\/div>\n\t\t\t\t\t\t<\/div>\n\t\t\t<\/div>\n\t\t<\/section>\n\t\t\t\t<section class=\"elementor-element elementor-element-fabb391 elementor-section-boxed elementor-section-height-default elementor-section-height-default elementor-section elementor-top-section\" data-id=\"fabb391\" data-element_type=\"section\">\n\t\t\t\t\t\t<div class=\"elementor-container elementor-column-gap-default\">\n\t\t\t\t<div class=\"elementor-row\">\n\t\t\t\t<div class=\"elementor-element elementor-element-9673cad elementor-column elementor-col-33 elementor-top-column\" data-id=\"9673cad\" data-element_type=\"column\">\n\t\t\t<div class=\"elementor-column-wrap\">\n\t\t\t\t\t<div class=\"elementor-widget-wrap\">\n\t\t\t\t\t\t<\/div>\n\t\t\t<\/div>\n\t\t<\/div>\n\t\t\t\t<div class=\"elementor-element elementor-element-7c791aa elementor-column elementor-col-33 elementor-top-column\" data-id=\"7c791aa\" data-element_type=\"column\">\n\t\t\t<div class=\"elementor-column-wrap  elementor-element-populated\">\n\t\t\t\t\t<div class=\"elementor-widget-wrap\">\n\t\t\t\t<div class=\"elementor-element elementor-element-3954b99 elementor-widget elementor-widget-text-editor\" data-id=\"3954b99\" data-element_type=\"widget\" data-widget_type=\"text-editor.default\">\n\t\t\t\t<div class=\"elementor-widget-container\">\n\t\t\t\t\t<div class=\"elementor-text-editor elementor-clearfix\"><p>Les th\u00e9matiques des ateliers \u00e9voluent en fonction des tendances et des saisons&nbsp;<span style=\"text-align: justify;\">Vous trouverez le d\u00e9tail de chaque atelier dans la rubrique \u00ab\u00a0Ateliers DIY\u00a0\u00bb.<\/span><\/p>\n<p style=\"text-align: justify;\">Ayant \u00e0 c\u0153ur de vous faire passer un moment inoubliable, le nombre de participants aux ateliers est limit\u00e9, tout comme le nombre d&rsquo;ateliers sur l&rsquo;ann\u00e9e.&nbsp;<\/p>\n<p style=\"text-align: justify;\">Actuellement tr\u00e8s sollicit\u00e9e, j&rsquo;ouvre tr\u00e8s peu de nouvelles dates et privil\u00e9gie d\u00e9sormais vos demandes d&rsquo;ateliers sur-mesure ou d&rsquo;ateliers pour votre groupe d\u00e9j\u00e0 constitu\u00e9.<\/p><\/div>\n\t\t\t\t<\/div>\n\t\t\t\t<\/div>\n\t\t\t\t\t\t<\/div>\n\t\t\t<\/div>\n\t\t<\/div>\n\t\t\t\t<div class=\"elementor-element elementor-element-0eba5bc elementor-column elementor-col-33 elementor-top-column\" data-id=\"0eba5bc\" data-element_type=\"column\">\n\t\t\t<div class=\"elementor-column-wrap\">\n\t\t\t\t\t<div class=\"elementor-widget-wrap\">\n\t\t\t\t\t\t<\/div>\n\t\t\t<\/div>\n\t\t<\/div>\n\t\t\t\t\t\t<\/div>\n\t\t\t<\/div>\n\t\t<\/section>\n\t\t\t\t<section class=\"elementor-element elementor-element-1f8df62 elementor-section-boxed elementor-section-height-default elementor-section-height-default elementor-section elementor-top-section\" data-id=\"1f8df62\" data-element_type=\"section\">\n\t\t\t\t\t\t<div class=\"elementor-container elementor-column-gap-default\">\n\t\t\t\t<div class=\"elementor-row\">\n\t\t\t\t<div class=\"elementor-element elementor-element-4d30973 elementor-column elementor-col-100 elementor-top-column\" data-id=\"4d30973\" data-element_type=\"column\">\n\t\t\t<div class=\"elementor-column-wrap  elementor-element-populated\">\n\t\t\t\t\t<div class=\"elementor-widget-wrap\">\n\t\t\t\t<div class=\"elementor-element elementor-element-b031f3c elementor-widget elementor-widget-text-editor\" data-id=\"b031f3c\" data-element_type=\"widget\" data-widget_type=\"text-editor.default\">\n\t\t\t\t<div class=\"elementor-widget-container\">\n\t\t\t\t\t<div class=\"elementor-text-editor elementor-clearfix\"><p>Donc n&rsquo;h\u00e9sitez plus et<strong> contactez-moi<\/strong> que l&rsquo;on trouve l&rsquo;atelier qui correspondra le mieux \u00e0 vos attentes<\/p><\/div>\n\t\t\t\t<\/div>\n\t\t\t\t<\/div>\n\t\t\t\t\t\t<\/div>\n\t\t\t<\/div>\n\t\t<\/div>\n\t\t\t\t\t\t<\/div>\n\t\t\t<\/div>\n\t\t<\/section>\n\t\t\t\t<section class=\"elementor-element elementor-element-6ea6928 elementor-section-boxed elementor-section-height-default elementor-section-height-default elementor-section elementor-top-section\" data-id=\"6ea6928\" data-element_type=\"section\">\n\t\t\t\t\t\t<div class=\"elementor-container elementor-column-gap-default\">\n\t\t\t\t<div class=\"elementor-row\">\n\t\t\t\t<div class=\"elementor-element elementor-element-674915f elementor-column elementor-col-100 elementor-top-column\" data-id=\"674915f\" data-element_type=\"column\">\n\t\t\t<div class=\"elementor-column-wrap  elementor-element-populated\">\n\t\t\t\t\t<div class=\"elementor-widget-wrap\">\n\t\t\t\t<div class=\"elementor-element elementor-element-f0bb89f elementor-widget elementor-widget-image-carousel\" data-id=\"f0bb89f\" data-element_type=\"widget\" data-settings=\"{&quot;slides_to_show&quot;:&quot;3&quot;,&quot;slides_to_scroll&quot;:&quot;1&quot;,&quot;navigation&quot;:&quot;none&quot;,&quot;autoplay_speed&quot;:3500,&quot;pause_on_hover&quot;:&quot;yes&quot;,&quot;autoplay&quot;:&quot;yes&quot;,&quot;infinite&quot;:&quot;yes&quot;,&quot;speed&quot;:500,&quot;direction&quot;:&quot;ltr&quot;}\" data-widget_type=\"image-carousel.default\">\n\t\t\t\t<div class=\"elementor-widget-container\">\n\t\t\t\t\t<div class=\"elementor-image-carousel-wrapper swiper-container\" dir=\"ltr\">\n\t\t\t<div class=\"elementor-image-carousel swiper-wrapper\">\n\t\t\t\t<div class=\"swiper-slide\"><figure class=\"swiper-slide-inner\"><img class=\"swiper-slide-image\" src=\"https:\/\/i1.wp.com\/lajoyeusefabrique.fr\/wp-content\/uploads\/2019\/06\/IMG-4638.jpg?fit=300%2C300&amp;ssl=1\" alt=\"IMG-4638\" \/><\/figure><\/div><div class=\"swiper-slide\"><figure class=\"swiper-slide-inner\"><img class=\"swiper-slide-image\" src=\"https:\/\/i0.wp.com\/lajoyeusefabrique.fr\/wp-content\/uploads\/2019\/04\/IMG-2244.jpg?fit=300%2C300&amp;ssl=1\" alt=\"IMG-2244\" \/><\/figure><\/div><div class=\"swiper-slide\"><figure class=\"swiper-slide-inner\"><img class=\"swiper-slide-image\" src=\"https:\/\/i2.wp.com\/lajoyeusefabrique.fr\/wp-content\/uploads\/2019\/04\/IMG-2292.jpg?fit=300%2C300&amp;ssl=1\" alt=\"IMG-2292\" \/><\/figure><\/div><div class=\"swiper-slide\"><figure class=\"swiper-slide-inner\"><img class=\"swiper-slide-image\" src=\"https:\/\/i2.wp.com\/lajoyeusefabrique.fr\/wp-content\/uploads\/2019\/05\/IMG-2188.jpg?fit=300%2C300&amp;ssl=1\" alt=\"IMG-2188\" \/><\/figure><\/div><div class=\"swiper-slide\"><figure class=\"swiper-slide-inner\"><img class=\"swiper-slide-image\" src=\"https:\/\/i0.wp.com\/lajoyeusefabrique.fr\/wp-content\/uploads\/2019\/04\/IMG-2249.jpg?fit=300%2C300&amp;ssl=1\" alt=\"IMG-2249\" \/><\/figure><\/div><div class=\"swiper-slide\"><figure class=\"swiper-slide-inner\"><img class=\"swiper-slide-image\" src=\"https:\/\/i2.wp.com\/lajoyeusefabrique.fr\/wp-content\/uploads\/2019\/04\/IMG-2351.jpg?fit=300%2C300&amp;ssl=1\" alt=\"IMG-2351\" \/><\/figure><\/div><div class=\"swiper-slide\"><figure class=\"swiper-slide-inner\"><img class=\"swiper-slide-image\" src=\"https:\/\/i0.wp.com\/lajoyeusefabrique.fr\/wp-content\/uploads\/2019\/04\/IMG-2279.jpg?fit=300%2C300&amp;ssl=1\" alt=\"IMG-2279\" \/><\/figure><\/div><div class=\"swiper-slide\"><figure class=\"swiper-slide-inner\"><img class=\"swiper-slide-image\" src=\"https:\/\/i1.wp.com\/lajoyeusefabrique.fr\/wp-content\/uploads\/2019\/05\/IMG-3025.jpg?fit=300%2C300&amp;ssl=1\" alt=\"IMG-3025\" \/><\/figure><\/div><div class=\"swiper-slide\"><figure class=\"swiper-slide-inner\"><img class=\"swiper-slide-image\" src=\"https:\/\/i0.wp.com\/lajoyeusefabrique.fr\/wp-content\/uploads\/2019\/05\/IMG-1027.jpg?fit=300%2C300&amp;ssl=1\" alt=\"IMG-1027\" \/><\/figure><\/div><div class=\"swiper-slide\"><figure class=\"swiper-slide-inner\"><img class=\"swiper-slide-image\" src=\"https:\/\/i2.wp.com\/lajoyeusefabrique.fr\/wp-content\/uploads\/2019\/05\/IMG-2231-e1558083071887.jpg?fit=300%2C300&amp;ssl=1\" alt=\"IMG-2231\" \/><\/figure><\/div>\t\t\t<\/div>\n\t\t\t\t\t\t\t\t\t\t\t\t\t\t\t\t<\/div>\n\t\t\t\t<\/div>\n\t\t\t\t<\/div>\n\t\t\t\t\t\t<\/div>\n\t\t\t<\/div>\n\t\t<\/div>\n\t\t\t\t\t\t<\/div>\n\t\t\t<\/div>\n\t\t<\/section>\n\t\t\t\t<section class=\"elementor-element elementor-element-fa3f088 elementor-section-boxed elementor-section-height-default elementor-section-height-default elementor-section elementor-top-section\" data-id=\"fa3f088\" data-element_type=\"section\">\n\t\t\t\t\t\t<div class=\"elementor-container elementor-column-gap-default\">\n\t\t\t\t<div class=\"elementor-row\">\n\t\t\t\t<div class=\"elementor-element elementor-element-5fefa04 elementor-column elementor-col-50 elementor-top-column\" data-id=\"5fefa04\" data-element_type=\"column\">\n\t\t\t<div class=\"elementor-column-wrap  elementor-element-populated\">\n\t\t\t\t\t<div class=\"elementor-widget-wrap\">\n\t\t\t\t<div class=\"elementor-element elementor-element-cb85659 elementor-widget elementor-widget-text-editor\" data-id=\"cb85659\" data-element_type=\"widget\" data-widget_type=\"text-editor.default\">\n\t\t\t\t<div class=\"elementor-widget-container\">\n\t\t\t\t\t<div class=\"elementor-text-editor elementor-clearfix\"><\/div>\n\t\t\t\t<\/div>\n\t\t\t\t<\/div>\n\t\t\t\t\t\t<\/div>\n\t\t\t<\/div>\n\t\t<\/div>\n\t\t\t\t<div class=\"elementor-element elementor-element-5f22e96 elementor-column elementor-col-50 elementor-top-column\" data-id=\"5f22e96\" data-element_type=\"column\">\n\t\t\t<div class=\"elementor-column-wrap\">\n\t\t\t\t\t<div class=\"elementor-widget-wrap\">\n\t\t\t\t\t\t<\/div>\n\t\t\t<\/div>\n\t\t<\/div>\n\t\t\t\t\t\t<\/div>\n\t\t\t<\/div>\n\t\t<\/section>\n\t\t\t\t<section class=\"elementor-element elementor-element-ba74d3a elementor-section-boxed elementor-section-height-default elementor-section-height-default elementor-section elementor-top-section\" data-id=\"ba74d3a\" data-element_type=\"section\">\n\t\t\t\t\t\t<div class=\"elementor-container elementor-column-gap-default\">\n\t\t\t\t<div class=\"elementor-row\">\n\t\t\t\t<div class=\"elementor-element elementor-element-cf9cd06 elementor-column elementor-col-100 elementor-top-column\" data-id=\"cf9cd06\" data-element_type=\"column\">\n\t\t\t<div class=\"elementor-column-wrap  elementor-element-populated\">\n\t\t\t\t\t<div class=\"elementor-widget-wrap\">\n\t\t\t\t<div class=\"elementor-element elementor-element-59fcae5 elementor-widget elementor-widget-text-editor\" data-id=\"59fcae5\" data-element_type=\"widget\" data-widget_type=\"text-editor.default\">\n\t\t\t\t<div class=\"elementor-widget-container\">\n\t\t\t\t\t<div class=\"elementor-text-editor elementor-clearfix\"><p><strong><span style=\"margin: 0px; padding: 0px; color: #008080;\">Uniquement sur rendez-vous<\/span><\/strong><\/p><p><span style=\"color: #000000;\">Ateliers adultes en semaine selon programmation (nocturne le jeudi soir)<\/span><\/p><p><span style=\"color: #000000;\">Ateliers enfants uniquement pendant les vacances scolaires (2\u00e8me semaine)\u00a0<\/span><\/p><p><strong><span style=\"margin: 0px; padding: 0px; color: #008080;\">Fermeture le mercredi\u00a0<\/span><\/strong><span style=\"margin: 0px; padding: 0px; color: #008080;\"><span style=\"color: #000000;\">(hors vacances)\u00a0<\/span><\/span><strong><span style=\"margin: 0px; padding: 0px; color: #008080;\">et le dimanche<\/span><\/strong><\/p><\/div>\n\t\t\t\t<\/div>\n\t\t\t\t<\/div>\n\t\t\t\t\t\t<\/div>\n\t\t\t<\/div>\n\t\t<\/div>\n\t\t\t\t\t\t<\/div>\n\t\t\t<\/div>\n\t\t<\/section>\n\t\t\t\t<section class=\"elementor-element elementor-element-cbf939f elementor-section-boxed elementor-section-height-default elementor-section-height-default elementor-section elementor-top-section\" data-id=\"cbf939f\" data-element_type=\"section\">\n\t\t\t\t\t\t<div class=\"elementor-container elementor-column-gap-default\">\n\t\t\t\t<div class=\"elementor-row\">\n\t\t\t\t<div class=\"elementor-element elementor-element-37c6e78 elementor-column elementor-col-100 elementor-top-column\" data-id=\"37c6e78\" data-element_type=\"column\">\n\t\t\t<div class=\"elementor-column-wrap  elementor-element-populated\">\n\t\t\t\t\t<div class=\"elementor-widget-wrap\">\n\t\t\t\t<div class=\"elementor-element elementor-element-4ca7b96 elementor-widget elementor-widget-text-editor\" data-id=\"4ca7b96\" data-element_type=\"widget\" data-widget_type=\"text-editor.default\">\n\t\t\t\t<div class=\"elementor-widget-container\">\n\t\t\t\t\t<div class=\"elementor-text-editor elementor-clearfix\"><p><span style=\"text-align: center; color: #000000;\">N&rsquo;h\u00e9sitez pas \u00e0 me\u00a0<\/span><span style=\"text-align: center; color: #000000;\">contacter sur\u00a0<\/span><a style=\"background-color: #ffffff; text-align: center;\" href=\"mailto:perrine@lajoyeusefabrique.fr\"><span style=\"color: #008080;\"><em>perrine@lajoyeusefabrique.fr<\/em><\/span><\/a><span style=\"text-align: center; color: #000000;\">\u00a0ou via la rubrique\u00a0\u00a0<span style=\"font-weight: 600;\"><span style=\"color: #008080;\">Contactez-moi\u00a0<\/span><\/span>pour toute r\u00e9servation d&rsquo;un atelier ou renseignement<\/span><\/p><\/div>\n\t\t\t\t<\/div>\n\t\t\t\t<\/div>\n\t\t\t\t\t\t<\/div>\n\t\t\t<\/div>\n\t\t<\/div>\n\t\t\t\t\t\t<\/div>\n\t\t\t<\/div>\n\t\t<\/section>\n\t\t\t\t\t\t<\/div>\n\t\t\t<\/div>\n\t\t<\/div>\n\t\t","protected":false},"excerpt":{"rendered":"<p>Je vous ouvre les portes de mon jardin et de mon atelier pour vous faire passer un moment suspendu, hors du temps, en vous accompagnant dans la cr\u00e9ation d&rsquo;une pi\u00e8ce unique qui ne ressemble qu&rsquo;\u00e0 vous. Les th\u00e9matiques des ateliers \u00e9voluent en fonction des tendances et des saisons&nbsp;Vous trouverez le d\u00e9tail de chaque atelier dans [&hellip;]<\/p>\n","protected":false},"author":1,"featured_media":0,"parent":0,"menu_order":0,"comment_status":"closed","ping_status":"closed","template":"elementor_header_footer","meta":{"_EventAllDay":false,"_EventTimezone":"","_EventStartDate":"","_EventEndDate":"","_EventStartDateUTC":"","_EventEndDateUTC":"","_EventShowMap":false,"_EventShowMapLink":false,"_EventURL":"","_EventCost":"","_EventCostDescription":"","_EventCurrencySymbol":"","_EventCurrencyPosition":"","_EventDateTimeSeparator":"","_EventTimeRangeSeparator":"","_EventOrganizerID":[],"_EventVenueID":0,"_OrganizerEmail":"","_OrganizerPhone":"","_OrganizerWebsite":"","_VenueAddress":"","_VenueCity":"","_VenueCountry":"","_VenueProvince":"","_VenueZip":"","_VenuePhone":"","_VenueURL":"","_VenueStateProvince":"","_VenueLat":"","_VenueLng":"","spay_email":""},"jetpack_sharing_enabled":true,"jetpack_shortlink":"https:\/\/wp.me\/Payibe-8","_links":{"self":[{"href":"https:\/\/lajoyeusefabrique.fr\/index.php\/wp-json\/wp\/v2\/pages\/8"}],"collection":[{"href":"https:\/\/lajoyeusefabrique.fr\/index.php\/wp-json\/wp\/v2\/pages"}],"about":[{"href":"https:\/\/lajoyeusefabrique.fr\/index.php\/wp-json\/wp\/v2\/types\/page"}],"author":[{"embeddable":true,"href":"https:\/\/lajoyeusefabrique.fr\/index.php\/wp-json\/wp\/v2\/users\/1"}],"replies":[{"embeddable":true,"href":"https:\/\/lajoyeusefabrique.fr\/index.php\/wp-json\/wp\/v2\/comments?post=8"}],"version-history":[{"count":65,"href":"https:\/\/lajoyeusefabrique.fr\/index.php\/wp-json\/wp\/v2\/pages\/8\/revisions"}],"predecessor-version":[{"id":2355,"href":"https:\/\/lajoyeusefabrique.fr\/index.php\/wp-json\/wp\/v2\/pages\/8\/revisions\/2355"}],"wp:attachment":[{"href":"https:\/\/lajoyeusefabrique.fr\/index.php\/wp-json\/wp\/v2\/media?parent=8"}],"curies":[{"name":"wp","href":"https:\/\/api.w.org\/{rel}","templated":true}]}}